{"id":336,"date":"2025-03-17T00:37:28","date_gmt":"2025-03-17T00:37:28","guid":{"rendered":"https:\/\/expertissolutions.com\/?page_id=336"},"modified":"2025-09-16T10:51:52","modified_gmt":"2025-09-16T14:51:52","slug":"mission-et-valeurs","status":"publish","type":"page","link":"https:\/\/expertissolutions.com\/fr\/mission-et-valeurs\/","title":{"rendered":"Mission et Valeurs"},"content":{"rendered":"<div data-elementor-type=\"wp-page\" data-elementor-id=\"336\" class=\"elementor elementor-336\" data-elementor-post-type=\"page\">\n\t\t\t\t<div class=\"elementor-element elementor-element-1ff3e9e2 e-flex e-con-boxed e-con e-parent\" data-id=\"1ff3e9e2\" data-element_type=\"container\" data-e-type=\"container\" data-settings=\"{&quot;background_background&quot;:&quot;classic&quot;}\">\n\t\t\t\t\t<div class=\"e-con-inner\">\n\t\t\t\t<div class=\"elementor-element elementor-element-e1394d3 elementor-widget elementor-widget-heading\" data-id=\"e1394d3\" data-element_type=\"widget\" data-e-type=\"widget\" data-widget_type=\"heading.default\">\n\t\t\t\t\t<h1 class=\"elementor-heading-title elementor-size-default\">Mission et Valeurs<\/h1>\t\t\t\t<\/div>\n\t\t\t\t\t<\/div>\n\t\t\t\t<\/div>\n\t\t<div class=\"elementor-element elementor-element-322371ad e-flex e-con-boxed e-con e-parent\" data-id=\"322371ad\" data-element_type=\"container\" data-e-type=\"container\" data-settings=\"{&quot;background_background&quot;:&quot;classic&quot;}\">\n\t\t\t\t\t<div class=\"e-con-inner\">\n\t\t\t\t<div class=\"elementor-element elementor-element-73d8d49 elementor-widget elementor-widget-heading\" data-id=\"73d8d49\" data-element_type=\"widget\" data-e-type=\"widget\" data-widget_type=\"heading.default\">\n\t\t\t\t\t<h2 class=\"elementor-heading-title elementor-size-default\">Mission et Valeurs<\/h2>\t\t\t\t<\/div>\n\t\t<div class=\"elementor-element elementor-element-5a6613e e-con-full e-flex e-con e-child\" data-id=\"5a6613e\" data-element_type=\"container\" data-e-type=\"container\">\n\t\t\t\t<div class=\"elementor-element elementor-element-517402b1 elementor-widget__width-initial elementor-widget elementor-widget-text-editor\" data-id=\"517402b1\" data-element_type=\"widget\" data-e-type=\"widget\" data-widget_type=\"text-editor.default\">\n\t\t\t\t\t\t\t\t\t<p>Notre mission est de vous fournir l&#8217;EXPERTISE en TI essentielle pour g\u00e9rer votre organisation et d&#8217;\u00eatre une extension de vos op\u00e9rations TI en tant que v\u00e9ritables partenaires d&#8217;affaires en talents.<\/p>\t\t\t\t\t\t\t\t<\/div>\n\t\t\t\t<\/div>\n\t\t\t\t<div class=\"elementor-element elementor-element-6963f883 elementor-widget elementor-widget-heading\" data-id=\"6963f883\" data-element_type=\"widget\" data-e-type=\"widget\" data-widget_type=\"heading.default\">\n\t\t\t\t\t<h2 class=\"elementor-heading-title elementor-size-default\">Nos Valeurs<\/h2>\t\t\t\t<\/div>\n\t\t\t\t<div class=\"elementor-element elementor-element-7955aadc elementor-widget elementor-widget-image\" data-id=\"7955aadc\" data-element_type=\"widget\" data-e-type=\"widget\" data-widget_type=\"image.default\">\n\t\t\t\t\t\t\t\t\t\t\t\t\t\t\t<img loading=\"lazy\" decoding=\"async\" width=\"1842\" height=\"1460\" src=\"https:\/\/expertissolutions.com\/wp-content\/uploads\/2025\/08\/ValuesDiagram.png\" class=\"attachment-full size-full wp-image-3296\" alt=\"\" srcset=\"https:\/\/expertissolutions.com\/wp-content\/uploads\/2025\/08\/ValuesDiagram.png 1842w, https:\/\/expertissolutions.com\/wp-content\/uploads\/2025\/08\/ValuesDiagram-300x238.png 300w, https:\/\/expertissolutions.com\/wp-content\/uploads\/2025\/08\/ValuesDiagram-1024x812.png 1024w, https:\/\/expertissolutions.com\/wp-content\/uploads\/2025\/08\/ValuesDiagram-768x609.png 768w, https:\/\/expertissolutions.com\/wp-content\/uploads\/2025\/08\/ValuesDiagram-1536x1217.png 1536w\" sizes=\"auto, (max-width: 1842px) 100vw, 1842px\" \/>\t\t\t\t\t\t\t\t\t\t\t\t\t\t\t<\/div>\n\t\t\t\t\t<\/div>\n\t\t\t\t<\/div>\n\t\t<div class=\"elementor-element elementor-element-1bbf4bc5 e-flex e-con-boxed e-con e-parent\" data-id=\"1bbf4bc5\" data-element_type=\"container\" data-e-type=\"container\">\n\t\t\t\t\t<div class=\"e-con-inner\">\n\t\t<div class=\"elementor-element elementor-element-5b817462 e-con-full e-flex e-con e-child\" data-id=\"5b817462\" data-element_type=\"container\" data-e-type=\"container\">\n\t\t\t\t<div class=\"elementor-element elementor-element-ca7709c elementor-widget elementor-widget-heading\" data-id=\"ca7709c\" data-element_type=\"widget\" data-e-type=\"widget\" data-widget_type=\"heading.default\">\n\t\t\t\t\t<h3 class=\"elementor-heading-title elementor-size-default\">Facteur Humain<\/h3>\t\t\t\t<\/div>\n\t\t\t\t<div class=\"elementor-element elementor-element-7603eb2 elementor-widget__width-initial elementor-widget elementor-widget-text-editor\" data-id=\"7603eb2\" data-element_type=\"widget\" data-e-type=\"widget\" data-widget_type=\"text-editor.default\">\n\t\t\t\t\t\t\t\t\t<p>Notre r\u00e9seau, nos candidats, nos clients et nos employ\u00e9s sont ce qui compte le plus pour nous! Notre principal objectif est d\u2019\u00eatre un v\u00e9ritable partenaire en acquisition de talents, afin de vous accompagner dans la r\u00e9ussite de votre organisation.<\/p>\t\t\t\t\t\t\t\t<\/div>\n\t\t\t\t<\/div>\n\t\t<div class=\"elementor-element elementor-element-2f4969ba e-con-full e-flex e-con e-child\" data-id=\"2f4969ba\" data-element_type=\"container\" data-e-type=\"container\">\n\t\t\t\t<div class=\"elementor-element elementor-element-48c48bfc elementor-widget elementor-widget-heading\" data-id=\"48c48bfc\" data-element_type=\"widget\" data-e-type=\"widget\" data-widget_type=\"heading.default\">\n\t\t\t\t\t<h2 class=\"elementor-heading-title elementor-size-default\">Int\u00e9grit\u00e9<\/h2>\t\t\t\t<\/div>\n\t\t\t\t<div class=\"elementor-element elementor-element-25ba4dbe elementor-widget__width-initial elementor-widget elementor-widget-text-editor\" data-id=\"25ba4dbe\" data-element_type=\"widget\" data-e-type=\"widget\" data-widget_type=\"text-editor.default\">\n\t\t\t\t\t\t\t\t\t<p>Nous travaillons en toute transparence et communiquons de mani\u00e8re honn\u00eate et franche avec chacun de nos candidats et clients.<\/p>\t\t\t\t\t\t\t\t<\/div>\n\t\t\t\t<\/div>\n\t\t<div class=\"elementor-element elementor-element-53592da4 e-con-full e-flex e-con e-child\" data-id=\"53592da4\" data-element_type=\"container\" data-e-type=\"container\">\n\t\t\t\t<div class=\"elementor-element elementor-element-1e227968 elementor-widget elementor-widget-heading\" data-id=\"1e227968\" data-element_type=\"widget\" data-e-type=\"widget\" data-widget_type=\"heading.default\">\n\t\t\t\t\t<h2 class=\"elementor-heading-title elementor-size-default\">Diversit\u00e9<\/h2>\t\t\t\t<\/div>\n\t\t\t\t<div class=\"elementor-element elementor-element-4d0a2f7a elementor-widget__width-initial elementor-widget elementor-widget-text-editor\" data-id=\"4d0a2f7a\" data-element_type=\"widget\" data-e-type=\"widget\" data-widget_type=\"text-editor.default\">\n\t\t\t\t\t\t\t\t\t<p>Nous nous engageons pleinement \u00e0 collaborer avec des organisations qui font la promotion de la diversit\u00e9. Chez Expertis, nous adoptons une approche inclusive et centr\u00e9e sur l\u2019humain, et nous plaidons pour l\u2019int\u00e9gration \u00e9quitable de tous les groupes minoritaires.<\/p>\t\t\t\t\t\t\t\t<\/div>\n\t\t\t\t<\/div>\n\t\t\t\t\t<\/div>\n\t\t\t\t<\/div>\n\t\t<div class=\"elementor-element elementor-element-37f3da38 e-flex e-con-boxed e-con e-parent\" data-id=\"37f3da38\" data-element_type=\"container\" data-e-type=\"container\" data-settings=\"{&quot;background_background&quot;:&quot;classic&quot;}\">\n\t\t\t\t\t<div class=\"e-con-inner\">\n\t\t\t\t<div class=\"elementor-element elementor-element-2a72fe18 elementor-widget elementor-widget-heading\" data-id=\"2a72fe18\" data-element_type=\"widget\" data-e-type=\"widget\" data-widget_type=\"heading.default\">\n\t\t\t\t\t<h2 class=\"elementor-heading-title elementor-size-default\">TOUT POSSIBLE!<\/h2>\t\t\t\t<\/div>\n\t\t\t\t\t<\/div>\n\t\t\t\t<\/div>\n\t\t\t\t<\/div>","protected":false},"excerpt":{"rendered":"<p>Mission et Valeurs Mission et Valeurs Notre mission est de vous fournir l&#8217;EXPERTISE en TI essentielle pour g\u00e9rer votre organisation et d&#8217;\u00eatre une extension de vos op\u00e9rations TI en tant que v\u00e9ritables partenaires d&#8217;affaires en talents. Nos Valeurs Facteur Humain Notre r\u00e9seau, nos candidats, nos clients et nos employ\u00e9s sont ce qui compte le plus [&hellip;]<\/p>\n","protected":false},"author":2,"featured_media":0,"parent":0,"menu_order":0,"comment_status":"closed","ping_status":"closed","template":"","meta":{"_acf_changed":false,"footnotes":""},"class_list":["post-336","page","type-page","status-publish","hentry"],"acf":[],"_links":{"self":[{"href":"https:\/\/expertissolutions.com\/fr\/wp-json\/wp\/v2\/pages\/336","targetHints":{"allow":["GET"]}}],"collection":[{"href":"https:\/\/expertissolutions.com\/fr\/wp-json\/wp\/v2\/pages"}],"about":[{"href":"https:\/\/expertissolutions.com\/fr\/wp-json\/wp\/v2\/types\/page"}],"author":[{"embeddable":true,"href":"https:\/\/expertissolutions.com\/fr\/wp-json\/wp\/v2\/users\/2"}],"replies":[{"embeddable":true,"href":"https:\/\/expertissolutions.com\/fr\/wp-json\/wp\/v2\/comments?post=336"}],"version-history":[{"count":3,"href":"https:\/\/expertissolutions.com\/fr\/wp-json\/wp\/v2\/pages\/336\/revisions"}],"predecessor-version":[{"id":4932,"href":"https:\/\/expertissolutions.com\/fr\/wp-json\/wp\/v2\/pages\/336\/revisions\/4932"}],"wp:attachment":[{"href":"https:\/\/expertissolutions.com\/fr\/wp-json\/wp\/v2\/media?parent=336"}],"curies":[{"name":"wp","href":"https:\/\/api.w.org\/{rel}","templated":true}]}}