{"id":359,"date":"2025-03-17T01:13:36","date_gmt":"2025-03-17T01:13:36","guid":{"rendered":"https:\/\/expertissolutions.com\/?page_id=359"},"modified":"2025-09-12T12:30:49","modified_gmt":"2025-09-12T16:30:49","slug":"conditions-dutilisation","status":"publish","type":"page","link":"https:\/\/expertissolutions.com\/fr\/conditions-dutilisation\/","title":{"rendered":"Conditions d\u2019Utilisation"},"content":{"rendered":"<div data-elementor-type=\"wp-page\" data-elementor-id=\"359\" class=\"elementor elementor-359\" data-elementor-post-type=\"page\">\n\t\t\t\t<div class=\"elementor-element elementor-element-24c5113 e-flex e-con-boxed e-con e-parent\" data-id=\"24c5113\" data-element_type=\"container\" data-e-type=\"container\" data-settings=\"{&quot;background_background&quot;:&quot;classic&quot;}\">\n\t\t\t\t\t<div class=\"e-con-inner\">\n\t\t\t\t<div class=\"elementor-element elementor-element-7dde0905 elementor-widget elementor-widget-heading\" data-id=\"7dde0905\" data-element_type=\"widget\" data-e-type=\"widget\" data-widget_type=\"heading.default\">\n\t\t\t\t\t<h1 class=\"elementor-heading-title elementor-size-default\">CONDITIONS D\u2019UTILISATION<\/h1>\t\t\t\t<\/div>\n\t\t\t\t\t<\/div>\n\t\t\t\t<\/div>\n\t\t<div class=\"elementor-element elementor-element-1ebecdb6 e-flex e-con-boxed e-con e-parent\" data-id=\"1ebecdb6\" data-element_type=\"container\" data-e-type=\"container\">\n\t\t\t\t\t<div class=\"e-con-inner\">\n\t\t\t\t<div class=\"elementor-element elementor-element-101172cf elementor-widget elementor-widget-text-editor\" data-id=\"101172cf\" data-element_type=\"widget\" data-e-type=\"widget\" data-widget_type=\"text-editor.default\">\n\t\t\t\t\t\t\t\t\t<p>Bienvenue sur le Site Internet de Solutions Expertis Inc. (d\u00e9sign\u00e9 par \u201cExpertis,\u201d \u201cnous,\u201d \u201cnotre,\u201d ou \u201cnos\u201d). EN ACC\u00c9DANT \u00c0 NOTRE SITE INTERNET (LE \u00ab SITE \u00bb) OU EN L&#8217;UTILISANT, VOUS ACCEPTEZ DE VOUS CONFORMER \u00c0 CES CONDITIONS D&#8217;UTILISATION ET D&#8217;\u00caTRE LI\u00c9 PAR CELLES-CI.<\/p>\n<p>Si vous n\u2019acceptez pas ces Conditions d\u2019Utilisation, veuillez ne pas utiliser notre Site Internet.<\/p>\n<p><strong>Acceptation des Conditions<\/strong><\/p>\n<p>Ces Conditions d\u2019Utilisation constituent un accord l\u00e9gal entre vous (l\u2019&#8221;Utilisateur&#8221;) et Solutions Expertis Inc. En utilisant le Site Internet, vous confirmez avoir lu, compris et accept\u00e9 ces Conditions.<\/p>\n<p><strong>&nbsp;<\/strong><strong>Mises \u00e0 jour des Conditions d\u2019Utilisation<\/strong><\/p>\n<p>Nous nous r\u00e9servons le droit de modifier ou de mettre \u00e0 jour ces Conditions \u00e0 tout moment, sans pr\u00e9avis. Toute modification entrera en vigueur d\u00e8s sa publication sur le Site Internet. En continuant \u00e0 utiliser le Site Internet apr\u00e8s la publication des modifications, vous acceptez les conditions r\u00e9vis\u00e9es. Ces Conditions d\u2019Utilisation ont \u00e9t\u00e9 mises \u00e0 jour pour la derni\u00e8re fois le 2025-01-23.<\/p>\n<p><strong>Confidentialit\u00e9<\/strong><\/p>\n<p>En utilisant le Site Internet, vous pouvez mettre \u00e0 la disposition de Solutions Expertis Inc. certaines de vos informations. Expertis collecte, utilise et divulgue ces informations conform\u00e9ment \u00e0 sa Politique de Confidentialit\u00e9, disponible <a href=\"\/fr\/politique-de-confidentialite\/?lang=fr\">ici.<\/a>&nbsp; Veuillez consulter notre Politique de Confidentialit\u00e9 pour comprendre comment vos informations sont trait\u00e9es. En continuant \u00e0 utiliser le Site, vous acceptez la collecte, l&#8217;utilisation et la divulgation de vos informations comme indiqu\u00e9 dans la politique de confidentialit\u00e9.<\/p>\n<p><strong>Utilisation du Site Internet<\/strong><\/p>\n<p>Vous pouvez acc\u00e9der au Site et \u00e0 son contenu uniquement en conformit\u00e9 avec les lois applicables et ces Conditions d\u2019Utilisation.<\/p>\n<p>Vous ne devez pas :<\/p>\n<ul>\n<li>Utiliser le Site d&#8217;une mani\u00e8re qui enfreint les lois f\u00e9d\u00e9rales, provinciales ou internationales.<\/li>\n<li>Tenter d\u2019acc\u00e9der sans autorisation \u00e0 une partie du Site, des serveurs ou des syst\u00e8mes.<\/li>\n<li>Transmettre des logiciels non-autoris\u00e9s ou malveillants, des virus, des pourriels ou d&#8217;autres contenus perturbateurs.<\/li>\n<li>Distribuer ou diffuser tout contenu du Site sans autorisation \u00e9crite pr\u00e9alable.<\/li>\n<li>Modifier, traduire ou cr\u00e9er des \u0153uvres d\u00e9riv\u00e9es \u00e0 partir du contenu du Site.<\/li>\n<li>Effectuer des transactions commerciales impliquant le Site ou son contenu sans autorisation.<\/li>\n<li>D\u00e9sassembler, d\u00e9compiler ou exploiter le code ou les logiciels sous-jacents du Site.<\/li>\n<li>Utiliser le Site d\u2019une mani\u00e8re qui enfreint ces Conditions d\u2019Utilisation.<\/li>\n<\/ul>\n<p>De plus, vous devez :<\/p>\n<ul>\n<li>Fournir des informations exactes et \u00e0 jour lorsque n\u00e9cessaire.<\/li>\n<li>\u00c9viter de cr\u00e9er de faux profils ou de pr\u00e9senter faussement vos qualifications.<\/li>\n<li>Respecter la propri\u00e9t\u00e9 intellectuelle et les droits \u00e0 la vie priv\u00e9e d&#8217;autrui.<\/li>\n<\/ul>\n<p><strong>Accessibilit\u00e9<\/strong><\/p>\n<p>Solutions Expertis Inc. s\u2019engage \u00e0 garantir l\u2019accessibilit\u00e9 du Site Internet pour tous les utilisateurs, y compris les personnes en situation de handicap. Si vous rencontrez des obstacles en mati\u00e8re d\u2019accessibilit\u00e9, veuillez nous contacter afin que nous puissions r\u00e9soudre vos pr\u00e9occupations et am\u00e9liorer votre exp\u00e9rience.<\/p>\n<p><strong>Responsabilit\u00e9<\/strong><\/p>\n<p>Le contenu de ce Site Internet est fourni \u00e0 titre informatif g\u00e9n\u00e9ral et ne constitue pas un avis juridique. Les utilisateurs doivent consulter un professionnel du droit qualifi\u00e9 pour obtenir des conseils sp\u00e9cifiques. Le Site Internet et son contenu sont fournis \u00ab&nbsp;tels quels&nbsp;\u00bb sans aucune garantie. L&#8217;acc\u00e8s au Site ou son utilisation se fait \u00e0 vos propres risques, et Solutions Expertis Inc. ne donne aucune garantie quant \u00e0 l&#8217;exactitude, la fiabilit\u00e9 ou l&#8217;exhaustivit\u00e9 de son contenu.<\/p>\n<p>Solutions Expertis Inc. et son personnel ne sont pas responsables des erreurs, omissions ou inexactitudes dans le contenu du Site. Nous ne garantissons pas que le Site soit exempt d\u2019erreurs ou d\u2019interruptions et d\u00e9clinons toutes garanties, y compris celles relatives \u00e0 l\u2019ad\u00e9quation \u00e0 un usage particulier et la non-violation de droits.<\/p>\n<p>Dans toute la mesure permise par la loi, Solutions Expertis Inc. et son personnel ne sont pas responsables des dommages r\u00e9sultant de votre utilisation du Site, y compris, mais sans s\u2019y limiter, les pertes de revenus, les pertes de profits, les dommages directs, indirects, accessoires, punitifs ou cons\u00e9cutifs. Cette limitation s&#8217;applique m\u00eame si nous avons \u00e9t\u00e9 inform\u00e9s de la possibilit\u00e9 de tels dommages.<\/p>\n<p><strong>Sites Tiers<\/strong><\/p>\n<p>Le Site peut contenir des liens vers d\u2019autres sites Internet et des ressources fournies par des tiers susceptibles de vous int\u00e9resser. Nous ne garantissons pas leur contenu ni leurs pratiques en mati\u00e8re de confidentialit\u00e9 ou de conditions d\u2019utilisation, et les propri\u00e9taires n&#8217;ont pas n\u00e9cessairement de lien avec nous. L&#8217;acc\u00e8s \u00e0 d\u2019autres sites se fait \u00e0 vos risques et p\u00e9rils.<\/p>\n<p><strong>Contenu soumis par les Utilisateurs<\/strong><\/p>\n<p>Si vous soumettez du contenu sur le Site (par exemple, des CV, des candidatures ou des commentaires), vous accordez \u00e0 Solutions Expertis Inc. une licence non exclusive, gratuite, perp\u00e9tuelle et r\u00e9vocable pour utiliser, reproduire et distribuer ce contenu aux fins pour lesquelles il a \u00e9t\u00e9 soumis.<\/p>\n<p>Vous pouvez r\u00e9voquer cette licence \u00e0 tout moment en \u00e9crivant \u00e0 Solutions Expertis Inc., sous r\u00e9serve d\u2019un d\u00e9lai raisonnable pour supprimer votre contenu de nos syst\u00e8mes. Toutefois, la r\u00e9vocation de votre licence n&#8217;affectera pas l&#8217;utilisation ou la distribution de votre contenu qui a eu lieu avant la r\u00e9vocation.<\/p>\n<p>Vous d\u00e9clarez et garantissez que tout contenu soumis :<\/p>\n<ul>\n<li>Ne porte pas atteinte aux droits de tiers.<\/li>\n<li>N&#8217;enfreint aucune loi applicable.<\/li>\n<li>Est exact, \u00e0 jour et non trompeur.<\/li>\n<li>Ne contient aucun mat\u00e9riel discriminatoire, obsc\u00e8ne ou offensant.<\/li>\n<\/ul>\n<p>Vous conservez les droits de propri\u00e9t\u00e9 intellectuelle sur le contenu que vous soumettez. En soumettant du contenu, vous reconnaissez que vous accordez \u00e0 Solutions Expertis Inc. les droits n\u00e9cessaires pour utiliser le contenu tel que d\u00e9crit ci-dessus, sous r\u00e9serve de votre droit de r\u00e9voquer votre consentement.<\/p>\n<p><strong>Lois applicables<\/strong><\/p>\n<p>Ces Conditions d\u2019Utilisation sont r\u00e9gies et interpr\u00e9t\u00e9es conform\u00e9ment aux lois de la province de Qu\u00e9bec et aux lois f\u00e9d\u00e9rales du Canada. Tout litige sera r\u00e9solu exclusivement par les tribunaux situ\u00e9s au Qu\u00e9bec.<\/p>\n<p><strong>R\u00e9siliation<\/strong><\/p>\n<p>Nous nous r\u00e9servons le droit de r\u00e9silier ou de suspendre votre acc\u00e8s au Site \u00e0 notre discr\u00e9tion, sans pr\u00e9avis, en cas de comportement que nous estimons contraire aux pr\u00e9sentes conditions ou pr\u00e9judiciable aux autres utilisateurs ou \u00e0 nous-m\u00eames.<\/p>\n<p><strong>Personne \u00e0 contacter<\/strong><\/p>\n<p>Pour toute question concernant ces Conditions d\u2019Utilisation, veuillez nous contacter \u00e0 :<\/p>\n<p>Agent&nbsp;de protection de la vie&nbsp;priv\u00e9e<\/p>\n<p>Elsasoa Jousse<br>Solutions Expertis Inc.<br>1155 Ren\u00e9-L\u00e9vesque Blvd. O, Suite 2500<br>Montr\u00e9al, Qu\u00e9bec, H3B 2K4, Canada<br>T\u00e9l\u00e9phone: 514-806-4973<br><a href=\"mailto:privacyofficer@expertissolutions.com\">privacyofficer@expertissolutions.com<\/a><\/p>\n<p>En utilisant le Site Internet, vous reconnaissez avoir lu, compris et accept\u00e9 ces Conditions d\u2019Utilisation.<\/p>\t\t\t\t\t\t\t\t<\/div>\n\t\t\t\t\t<\/div>\n\t\t\t\t<\/div>\n\t\t\t\t<\/div>","protected":false},"excerpt":{"rendered":"<p>CONDITIONS D\u2019UTILISATION Bienvenue sur le Site Internet de Solutions Expertis Inc. (d\u00e9sign\u00e9 par \u201cExpertis,\u201d \u201cnous,\u201d \u201cnotre,\u201d ou \u201cnos\u201d). EN ACC\u00c9DANT \u00c0 NOTRE SITE INTERNET (LE \u00ab SITE \u00bb) OU EN L&#8217;UTILISANT, VOUS ACCEPTEZ DE VOUS CONFORMER \u00c0 CES CONDITIONS D&#8217;UTILISATION ET D&#8217;\u00caTRE LI\u00c9 PAR CELLES-CI. Si vous n\u2019acceptez pas ces Conditions d\u2019Utilisation, veuillez ne pas [&hellip;]<\/p>\n","protected":false},"author":2,"featured_media":0,"parent":0,"menu_order":0,"comment_status":"closed","ping_status":"closed","template":"","meta":{"_acf_changed":false,"footnotes":""},"class_list":["post-359","page","type-page","status-publish","hentry"],"acf":[],"_links":{"self":[{"href":"https:\/\/expertissolutions.com\/fr\/wp-json\/wp\/v2\/pages\/359","targetHints":{"allow":["GET"]}}],"collection":[{"href":"https:\/\/expertissolutions.com\/fr\/wp-json\/wp\/v2\/pages"}],"about":[{"href":"https:\/\/expertissolutions.com\/fr\/wp-json\/wp\/v2\/types\/page"}],"author":[{"embeddable":true,"href":"https:\/\/expertissolutions.com\/fr\/wp-json\/wp\/v2\/users\/2"}],"replies":[{"embeddable":true,"href":"https:\/\/expertissolutions.com\/fr\/wp-json\/wp\/v2\/comments?post=359"}],"version-history":[{"count":0,"href":"https:\/\/expertissolutions.com\/fr\/wp-json\/wp\/v2\/pages\/359\/revisions"}],"wp:attachment":[{"href":"https:\/\/expertissolutions.com\/fr\/wp-json\/wp\/v2\/media?parent=359"}],"curies":[{"name":"wp","href":"https:\/\/api.w.org\/{rel}","templated":true}]}}