{"id":563,"date":"2025-03-31T17:49:45","date_gmt":"2025-03-31T17:49:45","guid":{"rendered":"https:\/\/expertissolutions.com\/?page_id=563"},"modified":"2025-09-16T10:50:14","modified_gmt":"2025-09-16T14:50:14","slug":"programme-de-parrainage","status":"publish","type":"page","link":"https:\/\/expertissolutions.com\/fr\/programme-de-parrainage\/","title":{"rendered":"Programme de Parrainage"},"content":{"rendered":"<div data-elementor-type=\"wp-page\" data-elementor-id=\"563\" class=\"elementor elementor-563\" data-elementor-post-type=\"page\">\n\t\t\t\t<div class=\"elementor-element elementor-element-7bd23887 e-flex e-con-boxed e-con e-parent\" data-id=\"7bd23887\" data-element_type=\"container\" data-e-type=\"container\" data-settings=\"{&quot;background_background&quot;:&quot;classic&quot;}\">\n\t\t\t\t\t<div class=\"e-con-inner\">\n\t\t\t\t<div class=\"elementor-element elementor-element-2fe5b761 elementor-widget elementor-widget-heading\" data-id=\"2fe5b761\" data-element_type=\"widget\" data-e-type=\"widget\" data-widget_type=\"heading.default\">\n\t\t\t\t\t<h1 class=\"elementor-heading-title elementor-size-default\">Programme de r\u00e9f\u00e9rencement<\/h1>\t\t\t\t<\/div>\n\t\t\t\t\t<\/div>\n\t\t\t\t<\/div>\n\t\t<div class=\"elementor-element elementor-element-3cc6530b e-flex e-con-boxed e-con e-parent\" data-id=\"3cc6530b\" data-element_type=\"container\" data-e-type=\"container\">\n\t\t\t\t\t<div class=\"e-con-inner\">\n\t\t\t\t<div class=\"elementor-element elementor-element-45b9833b elementor-widget elementor-widget-heading\" data-id=\"45b9833b\" data-element_type=\"widget\" data-e-type=\"widget\" data-widget_type=\"heading.default\">\n\t\t\t\t\t<h3 class=\"elementor-heading-title elementor-size-default\">Pay IT Forward! (Faites circuler le talent)<\/h3>\t\t\t\t<\/div>\n\t\t<div class=\"elementor-element elementor-element-1dfb3c4b e-con-full e-flex e-con e-child\" data-id=\"1dfb3c4b\" data-element_type=\"container\" data-e-type=\"container\">\n\t\t\t\t<div class=\"elementor-element elementor-element-17d509fc elementor-widget elementor-widget-text-editor\" data-id=\"17d509fc\" data-element_type=\"widget\" data-e-type=\"widget\" data-widget_type=\"text-editor.default\">\n\t\t\t\t\t\t\t\t\t<p style=\"text-align: center;\"><strong>Faites circuler le talent, c\u2019est notre programme de r\u00e9f\u00e9rencement unique!<\/strong><\/p>\t\t\t\t\t\t\t\t<\/div>\n\t\t\t\t<\/div>\n\t\t<div class=\"elementor-element elementor-element-b24398c e-con-full e-flex e-con e-child\" data-id=\"b24398c\" data-element_type=\"container\" data-e-type=\"container\">\n\t\t\t\t<div class=\"elementor-element elementor-element-d2d59a0 elementor-widget elementor-widget-text-editor\" data-id=\"d2d59a0\" data-element_type=\"widget\" data-e-type=\"widget\" data-widget_type=\"text-editor.default\">\n\t\t\t\t\t\t\t\t\t<p style=\"text-align: center;\">Dans un monde o\u00f9 les connexions sont primordiales, le r\u00e9seautage et le r\u00e9f\u00e9rencement devraient toujours \u00eatre encourag\u00e9s.\u00a0<\/p><p style=\"text-align: center;\"><strong>Expertis <\/strong>vous a trouv\u00e9 des opportunit\u00e9s incroyables, alors pourquoi ne pas faire circuler le talent en nous recommandant \u00e0 vos amis!<\/p>\t\t\t\t\t\t\t\t<\/div>\n\t\t\t\t<div class=\"elementor-element elementor-element-8b820e6 elementor-widget__width-initial elementor-widget elementor-widget-heading\" data-id=\"8b820e6\" data-element_type=\"widget\" data-e-type=\"widget\" data-widget_type=\"heading.default\">\n\t\t\t\t\t<h3 class=\"elementor-heading-title elementor-size-default\">Les candidats r\u00e9f\u00e9r\u00e9s ont la chance d\u2019explorer une nouvelle opportunit\u00e9 &amp; VOUS recevez de l\u2019argent.<\/h3>\t\t\t\t<\/div>\n\t\t\t\t<div class=\"elementor-element elementor-element-b908f97 elementor-widget elementor-widget-heading\" data-id=\"b908f97\" data-element_type=\"widget\" data-e-type=\"widget\" data-widget_type=\"heading.default\">\n\t\t\t\t\t<h4 class=\"elementor-heading-title elementor-size-default\">C\u2019EST GAGNANT-GAGNANT!<\/h4>\t\t\t\t<\/div>\n\t\t\t\t<\/div>\n\t\t\t\t\t<\/div>\n\t\t\t\t<\/div>\n\t\t<div class=\"elementor-element elementor-element-3834ee3b e-flex e-con-boxed e-con e-parent\" data-id=\"3834ee3b\" data-element_type=\"container\" data-e-type=\"container\" data-settings=\"{&quot;background_background&quot;:&quot;classic&quot;}\">\n\t\t\t\t\t<div class=\"e-con-inner\">\n\t\t\t\t<div class=\"elementor-element elementor-element-7bd038fa elementor-position-inline-start elementor-view-default elementor-mobile-position-block-start elementor-widget elementor-widget-icon-box\" data-id=\"7bd038fa\" data-element_type=\"widget\" data-e-type=\"widget\" data-widget_type=\"icon-box.default\">\n\t\t\t\t\t\t\t<div class=\"elementor-icon-box-wrapper\">\n\n\t\t\t\t\t\t<div class=\"elementor-icon-box-icon\">\n\t\t\t\t<span  class=\"elementor-icon\">\n\t\t\t\t<svg xmlns=\"http:\/\/www.w3.org\/2000\/svg\" width=\"1200pt\" height=\"1200pt\" viewbox=\"0 0 1200 1200\"><path d=\"m336.28 1032.9h287.87l287.86-431.81-287.86-431.76h-287.87l287.87 431.76z\" fill=\"#76b3ff\"><\/path><\/svg>\t\t\t\t<\/span>\n\t\t\t<\/div>\n\t\t\t\n\t\t\t\t\t\t<div class=\"elementor-icon-box-content\">\n\n\t\t\t\t\t\t\t\t\t<h2 class=\"elementor-icon-box-title\">\n\t\t\t\t\t\t<span  >\n\t\t\t\t\t\t\tComment faire circuler le talent?\t\t\t\t\t\t<\/span>\n\t\t\t\t\t<\/h2>\n\t\t\t\t\n\t\t\t\t\n\t\t\t<\/div>\n\t\t\t\n\t\t<\/div>\n\t\t\t\t\t\t<\/div>\n\t\t<div class=\"elementor-element elementor-element-7e055043 e-con-full e-flex e-con e-child\" data-id=\"7e055043\" data-element_type=\"container\" data-e-type=\"container\" data-settings=\"{&quot;background_background&quot;:&quot;classic&quot;}\">\n\t\t\t\t<div class=\"elementor-element elementor-element-54991ea9 elementor-view-default elementor-widget elementor-widget-icon\" data-id=\"54991ea9\" data-element_type=\"widget\" data-e-type=\"widget\" data-widget_type=\"icon.default\">\n\t\t\t\t\t\t\t<div class=\"elementor-icon-wrapper\">\n\t\t\t<div class=\"elementor-icon\">\n\t\t\t<svg xmlns=\"http:\/\/www.w3.org\/2000\/svg\" viewbox=\"0 0 1000 1000\"><defs><style>      .cls-1 {        fill: #3b73b6;      }    <\/style><\/defs><g><g id=\"Camada_1\"><path class=\"cls-1\" d=\"M500,0h0C223.9,0,0,223.9,0,500h0c0,276.1,223.9,500,500,500h0c276.1,0,500-223.9,500-500h0C1000,223.9,776.1,0,500,0ZM616,851h-138.7V273.2h-93.4v-124.2h232.1v702Z\"><\/path><\/g><\/g><\/svg>\t\t\t<\/div>\n\t\t<\/div>\n\t\t\t\t\t\t<\/div>\n\t\t\t\t<div class=\"elementor-element elementor-element-1a7e2b62 elementor-widget elementor-widget-heading\" data-id=\"1a7e2b62\" data-element_type=\"widget\" data-e-type=\"widget\" data-widget_type=\"heading.default\">\n\t\t\t\t\t<h2 class=\"elementor-heading-title elementor-size-default\">R\u00e9f\u00e9rez-nous un\u00b7e ami\u00b7e ou coll\u00e8gue de votre r\u00e9seau \u00e0 <a href=\"mailto:careers@expertissolutions.com\">careers@expertissolutions.com<\/a><\/h2>\t\t\t\t<\/div>\n\t\t\t\t<\/div>\n\t\t<div class=\"elementor-element elementor-element-689c86a9 e-con-full e-flex e-con e-child\" data-id=\"689c86a9\" data-element_type=\"container\" data-e-type=\"container\" data-settings=\"{&quot;background_background&quot;:&quot;classic&quot;}\">\n\t\t\t\t<div class=\"elementor-element elementor-element-1a71d54b elementor-view-default elementor-widget elementor-widget-icon\" data-id=\"1a71d54b\" data-element_type=\"widget\" data-e-type=\"widget\" data-widget_type=\"icon.default\">\n\t\t\t\t\t\t\t<div class=\"elementor-icon-wrapper\">\n\t\t\t<div class=\"elementor-icon\">\n\t\t\t<svg xmlns=\"http:\/\/www.w3.org\/2000\/svg\" viewbox=\"0 0 1000 1000\"><defs><style>      .cls-1 {        fill: #3b73b6;      }    <\/style><\/defs><g><g id=\"Camada_1\"><path class=\"cls-1\" d=\"M500,0h0C223.9,0,0,223.9,0,500h0c0,276.1,223.9,500,500,500h0c276.1,0,500-223.9,500-500h0C1000,223.9,776.1,0,500,0ZM736.4,851h-471.8v-99.3l49.7-42.1c61.1-50.9,109.8-93.4,146.1-127.5,36.3-34,66.5-69.6,90.7-106.5,24.2-36.9,36.3-73.2,36.3-108.9s-7.7-57.9-22.9-76.4c-15.3-18.5-38.9-27.7-70.7-27.7s-56.4,10.7-73.5,32c-17.2,21.3-26.1,50.4-26.7,87.4h-129.9c2.6-76.4,25.3-134.3,68.3-173.8,42.9-39.5,97.5-59.2,163.8-59.2s128.3,19.3,167.2,57.8,58.3,89.3,58.3,152.3-13.4,97.1-40.1,142.3c-26.7,45.2-57.3,84.5-91.7,117.9-34.4,33.4-79.3,73.8-134.7,120.9h281.7v110.8Z\"><\/path><path d=\"M1137.8,200c40.8-34,94.6-51,161.3-51s84.4,7.9,116.8,23.8c32.4,15.9,56.9,37.4,73.4,64.5,16.5,27.1,24.8,57.8,24.8,92s-10.1,72.5-30.4,99.6c-20.2,27.1-44.4,45.3-72.4,54.7v3.7c36.1,11.2,64.3,31.2,84.6,59.8,20.2,28.6,30.4,65.4,30.4,110.3s-8.6,70.7-25.7,100c-17.2,29.3-42.4,52.2-75.7,68.7-33.4,16.5-73.4,24.8-120.1,24.8-70.4,0-127.8-17.8-172-53.3-44.2-35.5-67.6-87.9-70.1-157h127.1c1.3,30.5,11.7,55,31.3,73.4,19.6,18.4,46.6,27.6,80.8,27.6s56.3-8.9,73.4-26.6c17.1-17.8,25.7-40.7,25.7-68.7s-11.8-64.2-35.5-80.4c-23.7-16.2-60.5-24.3-110.3-24.3h-27.1v-107.5h27.1c88.5,0,132.7-29.6,132.7-88.8s-7.9-47.7-23.8-62.6c-15.9-15-38.8-22.4-68.7-22.4s-51.9,7.9-67.7,23.8c-15.9,15.9-25.1,36-27.6,60.3h-128.1c3.1-62.3,25.1-110.5,65.9-144.4Z\"><\/path><path d=\"M1124.6,712.5v-107.3l318.8-456.3h158.9v444.6h85.8v118.9h-85.8v138.5h-136.5v-138.5h-341.3ZM1474.7,295.2l-199.9,298.4h199.9v-298.4Z\"><\/path><\/g><\/g><\/svg>\t\t\t<\/div>\n\t\t<\/div>\n\t\t\t\t\t\t<\/div>\n\t\t\t\t<div class=\"elementor-element elementor-element-2a0237b2 elementor-widget elementor-widget-heading\" data-id=\"2a0237b2\" data-element_type=\"widget\" data-e-type=\"widget\" data-widget_type=\"heading.default\">\n\t\t\t\t\t<h2 class=\"elementor-heading-title elementor-size-default\">Assurez-vous d\u2019inclure \u00ab Recommand\u00e9 par (VOTRE NOM) \u00bb dans l\u2019objet du courriel.<\/h2>\t\t\t\t<\/div>\n\t\t\t\t<\/div>\n\t\t<div class=\"elementor-element elementor-element-10b66958 e-con-full e-flex e-con e-child\" data-id=\"10b66958\" data-element_type=\"container\" data-e-type=\"container\" data-settings=\"{&quot;background_background&quot;:&quot;classic&quot;}\">\n\t\t\t\t<div class=\"elementor-element elementor-element-124d8996 elementor-view-default elementor-widget elementor-widget-icon\" data-id=\"124d8996\" data-element_type=\"widget\" data-e-type=\"widget\" data-widget_type=\"icon.default\">\n\t\t\t\t\t\t\t<div class=\"elementor-icon-wrapper\">\n\t\t\t<div class=\"elementor-icon\">\n\t\t\t<svg xmlns=\"http:\/\/www.w3.org\/2000\/svg\" viewbox=\"0 0 1000 1000\"><defs><style>      .cls-1 {        fill: #3b73b6;      }    <\/style><\/defs><g><g id=\"Camada_1\"><path class=\"cls-1\" d=\"M500,0h0C223.9,0,0,223.9,0,500h0c0,276.1,223.9,500,500,500h0c276.1,0,500-223.9,500-500h0C1000,223.9,776.1,0,500,0ZM706.1,757.5c-17.2,29.3-42.4,52.2-75.7,68.7-33.4,16.5-73.4,24.8-120.1,24.8-70.4,0-127.8-17.8-172-53.3-44.2-35.5-67.6-87.9-70.1-157h127.1c1.3,30.5,11.7,55,31.3,73.4,19.6,18.4,46.6,27.6,80.8,27.6s56.3-8.9,73.4-26.6c17.1-17.8,25.7-40.7,25.7-68.7s-11.8-64.2-35.5-80.4c-23.7-16.2-60.5-24.3-110.3-24.3h-27.1v-107.5h27.1c88.5,0,132.7-29.6,132.7-88.8s-7.9-47.7-23.8-62.6c-15.9-15-38.8-22.4-68.7-22.4s-51.9,7.9-67.7,23.8c-15.9,15.9-25.1,36-27.6,60.3h-128.1c3.1-62.3,25.1-110.5,65.9-144.4s94.6-51,161.3-51,84.4,7.9,116.8,23.8c32.4,15.9,56.9,37.4,73.4,64.5,16.5,27.1,24.8,57.8,24.8,92s-10.1,72.5-30.4,99.6c-20.2,27.1-44.4,45.3-72.4,54.7v3.7c36.1,11.2,64.3,31.2,84.6,59.8,20.2,28.6,30.4,65.4,30.4,110.3s-8.6,70.7-25.7,100Z\"><\/path><path d=\"M1124.6,712.5v-107.3l318.8-456.3h158.9v444.6h85.8v118.9h-85.8v138.5h-136.5v-138.5h-341.3ZM1474.7,295.2l-199.9,298.4h199.9v-298.4Z\"><\/path><\/g><\/g><\/svg>\t\t\t<\/div>\n\t\t<\/div>\n\t\t\t\t\t\t<\/div>\n\t\t\t\t<div class=\"elementor-element elementor-element-48ccddec elementor-widget elementor-widget-heading\" data-id=\"48ccddec\" data-element_type=\"widget\" data-e-type=\"widget\" data-widget_type=\"heading.default\">\n\t\t\t\t\t<h2 class=\"elementor-heading-title elementor-size-default\">Joignez son CV au format Word (.doc)<\/h2>\t\t\t\t<\/div>\n\t\t\t\t<\/div>\n\t\t<div class=\"elementor-element elementor-element-14f0dcbd e-con-full e-flex e-con e-child\" data-id=\"14f0dcbd\" data-element_type=\"container\" data-e-type=\"container\" data-settings=\"{&quot;background_background&quot;:&quot;classic&quot;}\">\n\t\t\t\t<div class=\"elementor-element elementor-element-5889e942 elementor-view-default elementor-widget elementor-widget-icon\" data-id=\"5889e942\" data-element_type=\"widget\" data-e-type=\"widget\" data-widget_type=\"icon.default\">\n\t\t\t\t\t\t\t<div class=\"elementor-icon-wrapper\">\n\t\t\t<div class=\"elementor-icon\">\n\t\t\t<svg xmlns=\"http:\/\/www.w3.org\/2000\/svg\" viewbox=\"0 0 1000 1000\"><defs><style>      .cls-1 {        fill: #3b73b6;      }    <\/style><\/defs><g><g id=\"Camada_1\"><g><polygon class=\"cls-1\" points=\"568.3 593.6 568.3 295.2 368.4 593.6 568.3 593.6\"><\/polygon><path class=\"cls-1\" d=\"M500,0h0C223.9,0,0,223.9,0,500h0c0,276.1,223.9,500,500,500h0c276.1,0,500-223.9,500-500h0C1000,223.9,776.1,0,500,0ZM781.8,712.5h-85.8v138.5h-136.5v-138.5H218.2v-107.3l318.8-456.3h158.9v444.6h85.8v118.9Z\"><\/path><\/g><\/g><\/g><\/svg>\t\t\t<\/div>\n\t\t<\/div>\n\t\t\t\t\t\t<\/div>\n\t\t\t\t<div class=\"elementor-element elementor-element-278d1d8c elementor-widget elementor-widget-heading\" data-id=\"278d1d8c\" data-element_type=\"widget\" data-e-type=\"widget\" data-widget_type=\"heading.default\">\n\t\t\t\t\t<h2 class=\"elementor-heading-title elementor-size-default\">Cliquez sur ENVOYER et profitez d\u2019avoir fait circuler le talent<\/h2>\t\t\t\t<\/div>\n\t\t\t\t<\/div>\n\t\t\t\t\t<\/div>\n\t\t\t\t<\/div>\n\t\t<div class=\"elementor-element elementor-element-7b0d095a e-flex e-con-boxed e-con e-parent\" data-id=\"7b0d095a\" data-element_type=\"container\" data-e-type=\"container\">\n\t\t\t\t\t<div class=\"e-con-inner\">\n\t\t\t\t<div class=\"elementor-element elementor-element-6531734c elementor-position-inline-start elementor-view-default elementor-mobile-position-block-start elementor-widget elementor-widget-icon-box\" data-id=\"6531734c\" data-element_type=\"widget\" data-e-type=\"widget\" data-widget_type=\"icon-box.default\">\n\t\t\t\t\t\t\t<div class=\"elementor-icon-box-wrapper\">\n\n\t\t\t\t\t\t<div class=\"elementor-icon-box-icon\">\n\t\t\t\t<span  class=\"elementor-icon\">\n\t\t\t\t<svg xmlns=\"http:\/\/www.w3.org\/2000\/svg\" width=\"1200pt\" height=\"1200pt\" viewbox=\"0 0 1200 1200\"><path d=\"m336.28 1032.9h287.87l287.86-431.81-287.86-431.76h-287.87l287.87 431.76z\" fill=\"#76b3ff\"><\/path><\/svg>\t\t\t\t<\/span>\n\t\t\t<\/div>\n\t\t\t\n\t\t\t\t\t\t<div class=\"elementor-icon-box-content\">\n\n\t\t\t\t\t\t\t\t\t<h2 class=\"elementor-icon-box-title\">\n\t\t\t\t\t\t<span  >\n\t\t\t\t\t\t\tFAITES CIRCULER LE TALENT - PRIME\t\t\t\t\t\t<\/span>\n\t\t\t\t\t<\/h2>\n\t\t\t\t\n\t\t\t\t\n\t\t\t<\/div>\n\t\t\t\n\t\t<\/div>\n\t\t\t\t\t\t<\/div>\n\t\t<div class=\"elementor-element elementor-element-2b7276e1 e-con-full e-flex e-con e-child\" data-id=\"2b7276e1\" data-element_type=\"container\" data-e-type=\"container\">\n\t\t<div class=\"elementor-element elementor-element-6d7a3f84 e-con-full e-flex e-con e-child\" data-id=\"6d7a3f84\" data-element_type=\"container\" data-e-type=\"container\" data-settings=\"{&quot;background_background&quot;:&quot;classic&quot;}\">\n\t\t\t\t<div class=\"elementor-element elementor-element-ac32951 elementor-widget elementor-widget-heading\" data-id=\"ac32951\" data-element_type=\"widget\" data-e-type=\"widget\" data-widget_type=\"heading.default\">\n\t\t\t\t\t<h2 class=\"elementor-heading-title elementor-size-default\">NIVEAU D'ENTR\u00c9E* <\/h2>\t\t\t\t<\/div>\n\t\t\t\t<div class=\"elementor-element elementor-element-12a19583 elementor-widget elementor-widget-heading\" data-id=\"12a19583\" data-element_type=\"widget\" data-e-type=\"widget\" data-widget_type=\"heading.default\">\n\t\t\t\t\t<h4 class=\"elementor-heading-title elementor-size-default\">500 $ CA<\/h4>\t\t\t\t<\/div>\n\t\t\t\t<\/div>\n\t\t<div class=\"elementor-element elementor-element-6f7e5889 e-con-full e-flex e-con e-child\" data-id=\"6f7e5889\" data-element_type=\"container\" data-e-type=\"container\" data-settings=\"{&quot;background_background&quot;:&quot;classic&quot;}\">\n\t\t\t\t<div class=\"elementor-element elementor-element-4aaf3ff2 elementor-widget elementor-widget-heading\" data-id=\"4aaf3ff2\" data-element_type=\"widget\" data-e-type=\"widget\" data-widget_type=\"heading.default\">\n\t\t\t\t\t<h2 class=\"elementor-heading-title elementor-size-default\">NIVEAU MOYEN* <\/h2>\t\t\t\t<\/div>\n\t\t\t\t<div class=\"elementor-element elementor-element-3132ca5e elementor-widget elementor-widget-heading\" data-id=\"3132ca5e\" data-element_type=\"widget\" data-e-type=\"widget\" data-widget_type=\"heading.default\">\n\t\t\t\t\t<h2 class=\"elementor-heading-title elementor-size-default\">1000 $ CA<\/h2>\t\t\t\t<\/div>\n\t\t\t\t<\/div>\n\t\t<div class=\"elementor-element elementor-element-4f0b5006 e-con-full e-flex e-con e-child\" data-id=\"4f0b5006\" data-element_type=\"container\" data-e-type=\"container\" data-settings=\"{&quot;background_background&quot;:&quot;classic&quot;}\">\n\t\t\t\t<div class=\"elementor-element elementor-element-1e3b5851 elementor-widget elementor-widget-heading\" data-id=\"1e3b5851\" data-element_type=\"widget\" data-e-type=\"widget\" data-widget_type=\"heading.default\">\n\t\t\t\t\t<h2 class=\"elementor-heading-title elementor-size-default\">NIVEAU SENIOR* <\/h2>\t\t\t\t<\/div>\n\t\t\t\t<div class=\"elementor-element elementor-element-761884f4 elementor-widget elementor-widget-heading\" data-id=\"761884f4\" data-element_type=\"widget\" data-e-type=\"widget\" data-widget_type=\"heading.default\">\n\t\t\t\t\t<h2 class=\"elementor-heading-title elementor-size-default\"><span style=\"font-size:50%\">Jusqu\u2019\u00e0<\/span> <br>2000 $ CA<\/h2>\t\t\t\t<\/div>\n\t\t\t\t<\/div>\n\t\t\t\t<\/div>\n\t\t<div class=\"elementor-element elementor-element-710d14ec e-con-full e-flex e-con e-child\" data-id=\"710d14ec\" data-element_type=\"container\" data-e-type=\"container\">\n\t\t\t\t<div class=\"elementor-element elementor-element-17743d81 elementor-widget elementor-widget-heading\" data-id=\"17743d81\" data-element_type=\"widget\" data-e-type=\"widget\" data-widget_type=\"heading.default\">\n\t\t\t\t\t<h3 class=\"elementor-heading-title elementor-size-default\">*Remarque : un paiement suppl\u00e9mentaire de 200 $ est pr\u00e9vu si vous r\u00e9sidez en dehors d\u2019un grand centre-ville et dans une r\u00e9gion \u00e9loign\u00e9e avec un r\u00e9seau limit\u00e9. Les montants peuvent varier. Certaines conditions s\u2019appliquent.<\/h3>\t\t\t\t<\/div>\n\t\t\t\t<\/div>\n\t\t<div class=\"elementor-element elementor-element-266512a2 e-con-full e-flex e-con e-child\" data-id=\"266512a2\" data-element_type=\"container\" data-e-type=\"container\">\n\t\t\t\t<div class=\"elementor-element elementor-element-3c5de1fd elementor-widget elementor-widget-text-editor\" data-id=\"3c5de1fd\" data-element_type=\"widget\" data-e-type=\"widget\" data-widget_type=\"text-editor.default\">\n\t\t\t\t\t\t\t\t\t<p><strong>Directives relatives \u00e0 la politique de r\u00e9f\u00e9rencement<\/strong><\/p><ol><li>Une personne R\u00c9F\u00c9R\u00c9E qui est EMBAUCH\u00c9E doit avoir \u00e9t\u00e9 repr\u00e9sent\u00e9e par Expertis et avoir \u00e9t\u00e9 employ\u00e9e pendant un minimum de 90 jours.<\/li><li>Le paiement sera effectu\u00e9 en un seul versement via virement Interac et\/ou par ch\u00e8que \u00ab Solutions Expertis Inc. \u00bb<\/li><li>Il n\u2019y a pas de limite quant au nombre de primes de r\u00e9f\u00e9rencement que vous pourriez recevoir.<\/li><li>Les employ\u00e9\u00b7e\u00b7s (gestion \/ recrutement) impliqu\u00e9\u00b7e\u00b7s dans les d\u00e9cisions d\u2019embauche ou qui recrutent directement ne sont pas \u00e9ligibles au programme de r\u00e9f\u00e9rencement.<\/li><li>Vous devez conna\u00eetre la personne r\u00e9f\u00e9r\u00e9e et lui faire savoir qu\u2019elle pourrait \u00eatre contact\u00e9e par Solutions Expertis Inc. pour une opportunit\u00e9 pr\u00e9cise avant de nous la recommander.<\/li><li>Si la personne que vous nous r\u00e9f\u00e9rez se trouve d\u00e9j\u00e0 dans notre base de donn\u00e9es (au cours des 12 derniers mois), vous ne serez PAS \u00e9ligible \u00e0 cette prime. Le cas \u00e9ch\u00e9ant, Solutions Expertis Inc. vous en avisera dans un d\u00e9lai raisonnable.<\/li><\/ol>\t\t\t\t\t\t\t\t<\/div>\n\t\t\t\t<\/div>\n\t\t\t\t\t<\/div>\n\t\t\t\t<\/div>\n\t\t<div class=\"elementor-element elementor-element-f97b631 e-flex e-con-boxed e-con e-parent\" data-id=\"f97b631\" data-element_type=\"container\" data-e-type=\"container\" data-settings=\"{&quot;background_background&quot;:&quot;classic&quot;}\">\n\t\t\t\t\t<div class=\"e-con-inner\">\n\t\t\t\t<div class=\"elementor-element elementor-element-e1263b7 elementor-widget elementor-widget-heading\" data-id=\"e1263b7\" data-element_type=\"widget\" data-e-type=\"widget\" data-widget_type=\"heading.default\">\n\t\t\t\t\t<h2 class=\"elementor-heading-title elementor-size-default\">TOUT POSSIBLE!<\/h2>\t\t\t\t<\/div>\n\t\t\t\t\t<\/div>\n\t\t\t\t<\/div>\n\t\t\t\t<\/div>","protected":false},"excerpt":{"rendered":"<p>Programme de r\u00e9f\u00e9rencement Pay IT Forward! (Faites circuler le talent) Faites circuler le talent, c\u2019est notre programme de r\u00e9f\u00e9rencement unique! Dans un monde o\u00f9 les connexions sont primordiales, le r\u00e9seautage et le r\u00e9f\u00e9rencement devraient toujours \u00eatre encourag\u00e9s.\u00a0 Expertis vous a trouv\u00e9 des opportunit\u00e9s incroyables, alors pourquoi ne pas faire circuler le talent en nous recommandant [&hellip;]<\/p>\n","protected":false},"author":2,"featured_media":0,"parent":0,"menu_order":0,"comment_status":"closed","ping_status":"closed","template":"","meta":{"_acf_changed":false,"footnotes":""},"class_list":["post-563","page","type-page","status-publish","hentry"],"acf":[],"_links":{"self":[{"href":"https:\/\/expertissolutions.com\/fr\/wp-json\/wp\/v2\/pages\/563","targetHints":{"allow":["GET"]}}],"collection":[{"href":"https:\/\/expertissolutions.com\/fr\/wp-json\/wp\/v2\/pages"}],"about":[{"href":"https:\/\/expertissolutions.com\/fr\/wp-json\/wp\/v2\/types\/page"}],"author":[{"embeddable":true,"href":"https:\/\/expertissolutions.com\/fr\/wp-json\/wp\/v2\/users\/2"}],"replies":[{"embeddable":true,"href":"https:\/\/expertissolutions.com\/fr\/wp-json\/wp\/v2\/comments?post=563"}],"version-history":[{"count":3,"href":"https:\/\/expertissolutions.com\/fr\/wp-json\/wp\/v2\/pages\/563\/revisions"}],"predecessor-version":[{"id":4923,"href":"https:\/\/expertissolutions.com\/fr\/wp-json\/wp\/v2\/pages\/563\/revisions\/4923"}],"wp:attachment":[{"href":"https:\/\/expertissolutions.com\/fr\/wp-json\/wp\/v2\/media?parent=563"}],"curies":[{"name":"wp","href":"https:\/\/api.w.org\/{rel}","templated":true}]}}